{"id":8,"date":"2013-11-18T18:30:38","date_gmt":"2013-11-18T16:30:38","guid":{"rendered":"http:\/\/www.mas-consult.at\/de\/?page_id=8"},"modified":"2017-07-25T08:01:46","modified_gmt":"2017-07-25T06:01:46","slug":"willkommen","status":"publish","type":"page","link":"https:\/\/www.mas-consult.at\/de\/","title":{"rendered":"Herzlich willkommen!"},"content":{"rendered":"<p><strong>Wer motivierte Mitarbeiter haben will, muss sich um das k\u00fcmmern, was ihre Seele st\u00e4rkt.<\/strong><br \/>\n<em>Gerald H\u00fcther (Hirnforscher)<\/em><\/p>\n<p>Die F\u00f6rderung der Leistungsf\u00e4higkeit von Menschen und Organisationen steht im Zentrum des Tuns. Durch Beratungen, Coachings und Trainings m\u00f6chte <em><strong>m.a.s.<span style=\"color: #e36f0a;\">consult<\/span><\/strong> <\/em>zur nachhaltigen Personal- und Organisationsentwicklung beitragen.<\/p>\n<p><em><strong>m.a.s.<span style=\"color: #e36f0a;\">consult<\/span><\/strong><\/em> unterst\u00fctzt Ihr Unternehmen darin, mit leistungsf\u00e4higen MitarbeiterInnen ihren betrieblichen Erfolg weiter zu erh\u00f6hen.<\/p>\n<p><em><strong>m.a.s.<span style=\"color: #e36f0a;\">consult<\/span><\/strong><\/em> unterst\u00fctzt Privatpersonen Ihr pers\u00f6nliches Potential zu entfalten um langfristig stressfreier und leistungsf\u00e4hig zu bleiben.<\/p>\n","protected":false},"excerpt":{"rendered":"<p>Wer motivierte Mitarbeiter haben will, muss sich um das k\u00fcmmern, was ihre Seele st\u00e4rkt. Gerald H\u00fcther (Hirnforscher) Die F\u00f6rderung der Leistungsf\u00e4higkeit von Menschen und Organisationen steht im Zentrum des Tuns. Durch Beratungen, Coachings und Trainings m\u00f6chte m.a.s.consult zur nachhaltigen Personal- &hellip; <a href=\"https:\/\/www.mas-consult.at\/de\/\">Weiterlesen <span class=\"meta-nav\">&rarr;<\/span><\/a><\/p>\n","protected":false},"author":3,"featured_media":0,"parent":0,"menu_order":0,"comment_status":"closed","ping_status":"open","template":"sidebar-page.php","meta":{"footnotes":""},"class_list":["post-8","page","type-page","status-publish","hentry"],"_links":{"self":[{"href":"https:\/\/www.mas-consult.at\/de\/wp-json\/wp\/v2\/pages\/8","targetHints":{"allow":["GET"]}}],"collection":[{"href":"https:\/\/www.mas-consult.at\/de\/wp-json\/wp\/v2\/pages"}],"about":[{"href":"https:\/\/www.mas-consult.at\/de\/wp-json\/wp\/v2\/types\/page"}],"author":[{"embeddable":true,"href":"https:\/\/www.mas-consult.at\/de\/wp-json\/wp\/v2\/users\/3"}],"replies":[{"embeddable":true,"href":"https:\/\/www.mas-consult.at\/de\/wp-json\/wp\/v2\/comments?post=8"}],"version-history":[{"count":5,"href":"https:\/\/www.mas-consult.at\/de\/wp-json\/wp\/v2\/pages\/8\/revisions"}],"predecessor-version":[{"id":116,"href":"https:\/\/www.mas-consult.at\/de\/wp-json\/wp\/v2\/pages\/8\/revisions\/116"}],"wp:attachment":[{"href":"https:\/\/www.mas-consult.at\/de\/wp-json\/wp\/v2\/media?parent=8"}],"curies":[{"name":"wp","href":"https:\/\/api.w.org\/{rel}","templated":true}]}}