{"id":210,"date":"2018-08-11T16:21:59","date_gmt":"2018-08-11T14:21:59","guid":{"rendered":"https:\/\/www.mas-consult.at\/de\/?page_id=210"},"modified":"2022-08-20T09:50:06","modified_gmt":"2022-08-20T07:50:06","slug":"datenschutzerklaerung","status":"publish","type":"page","link":"https:\/\/www.mas-consult.at\/de\/datenschutzerklaerung\/","title":{"rendered":"Datenschutzerkl\u00e4rung"},"content":{"rendered":"<p>Der guten Ordnung halber versichern wir Nutzern dieser Website, dass ihre Daten ausschlie\u00dflich auf Grundlage der gesetzlichen Bestimmungen verarbeitet und grunds\u00e4tzlich nicht weiter gegeben werden. Wenn Sie per Formular auf der Website oder per E-Mail Kontakt mit uns aufnehmen, werden Ihre angegebenen Daten zwecks Bearbeitung der Anfrage und f\u00fcr den Fall von Anschlussfragen sechs Monate bei uns gespeichert.<\/p>\n<p><strong>Google Maps<br \/>\n<\/strong>Wir setzen auf unserer Seite die Komponente &#8222;Google Maps&#8220; der Google Inc., 1600 Amphitheatre Parkway, Mountain View, CA 94043, USA (&#8222;Google&#8220;) als Link ein.<\/p>\n<p>Bei jedem einzelnen Aufruf der Komponente &#8222;Google Maps&#8220; durch klicken des Links wird von Google ein Cookie gesetzt, um bei der Anzeige der Seite, auf der die Komponente &#8222;Google Maps&#8220; integriert ist, Nutzereinstellungen und -daten zu verarbeiten. Dieses Cookie wird im Regelfall nicht durch das Schlie\u00dfen des Browsers gel\u00f6scht, sondern l\u00e4uft nach einer bestimmten Zeit ab, soweit es nicht von Ihnen zuvor manuell gel\u00f6scht wird.<\/p>\n<p>Wenn Sie mit dieser Verarbeitung Ihrer Daten nicht einverstanden sind, so besteht die M\u00f6glichkeit, den Service von &#8222;Google Maps&#8220; zu deaktivieren und auf diesem Weg die \u00dcbertragung von Daten an Google zu verhindern. Dazu m\u00fcssen Sie die Java-Script-Funktion in Ihrem Browser deaktivieren. Wir weisen Sie jedoch darauf hin, dass Sie in diesem Fall die Komponente &#8222;Google Maps&#8220; nicht oder nur eingeschr\u00e4nkt nutzen k\u00f6nnen.<\/p>\n<p>Den Umfang sowie den Zweck dieser Datenerhebung, die weitere Verarbeitung und Nutzung der Daten durch &#8222;Google&#8220; selbst sowie die Nutzung von &#8222;Google Maps&#8220; und der \u00fcber &#8222;Google Maps&#8220; erlangten Informationen entnehmen Sie bitte den Datenschutzhinweisen von Google und den Google-Nutzungsbedingungen, die Sie unter <a href=\"http:\/\/www.google.de\/intl\/de\/policies\/terms\/regional.html\">http:\/\/www.google.de\/intl\/de\/policies\/terms\/regional.html <\/a>bzw. unter <a href=\"https:\/\/www.google.com\/intl\/de_de\/help\/terms_maps.html\">https:\/\/www.google.com\/intl\/de_de\/help\/terms_maps.html <\/a>aufrufen k\u00f6nnen.<\/p>\n<p><strong>Ihre Rechte<br \/>\n<\/strong>Ihnen stehen bez\u00fcglich Ihrer bei uns gespeicherten Daten grunds\u00e4tzlich die Rechte auf Auskunft, Berichtigung, L\u00f6schung, Einschr\u00e4nkung, Daten\u00fcbertragbarkeit, Widerruf und Widerspruch zu. Wenn Sie glauben, dass die Verarbeitung Ihrer Daten gegen das Datenschutzrecht verst\u00f6\u00dft oder Ihre datenschutzrechtlichen Anspr\u00fcche sonst in einer Weise verletzt worden sind, k\u00f6nnen Sie sich bei uns oder der Datenschutzbeh\u00f6rde beschweren.<\/p>\n<p>Sie erreichen uns unter folgenden Kontaktdaten:<br \/>\n<b>Mag. Maria Antonia Scheidl<br \/>\n<\/b>Unternehmensberaterin \/ Coach<br \/>\nDipl. Trainerin f\u00fcr Burnout Pr\u00e4vention<br \/>\nCarolaweg 26\/2, 1130 Wien<br \/>\n<a class=\"tel2\" href=\"tel:+4369919445857\">+43 699 19 44 58 57<\/a><br \/>\noffice@mas-consult.at<br \/>\nwww.mas-consult.at<\/p>\n","protected":false},"excerpt":{"rendered":"<p>Der guten Ordnung halber versichern wir Nutzern dieser Website, dass ihre Daten ausschlie\u00dflich auf Grundlage der gesetzlichen Bestimmungen verarbeitet und grunds\u00e4tzlich nicht weiter gegeben werden. Wenn Sie per Formular auf der Website oder per E-Mail Kontakt mit uns aufnehmen, werden &hellip; <a href=\"https:\/\/www.mas-consult.at\/de\/datenschutzerklaerung\/\">Weiterlesen <span class=\"meta-nav\">&rarr;<\/span><\/a><\/p>\n","protected":false},"author":3,"featured_media":0,"parent":0,"menu_order":0,"comment_status":"closed","ping_status":"closed","template":"sidebar-page.php","meta":{"footnotes":""},"class_list":["post-210","page","type-page","status-publish","hentry"],"_links":{"self":[{"href":"https:\/\/www.mas-consult.at\/de\/wp-json\/wp\/v2\/pages\/210","targetHints":{"allow":["GET"]}}],"collection":[{"href":"https:\/\/www.mas-consult.at\/de\/wp-json\/wp\/v2\/pages"}],"about":[{"href":"https:\/\/www.mas-consult.at\/de\/wp-json\/wp\/v2\/types\/page"}],"author":[{"embeddable":true,"href":"https:\/\/www.mas-consult.at\/de\/wp-json\/wp\/v2\/users\/3"}],"replies":[{"embeddable":true,"href":"https:\/\/www.mas-consult.at\/de\/wp-json\/wp\/v2\/comments?post=210"}],"version-history":[{"count":6,"href":"https:\/\/www.mas-consult.at\/de\/wp-json\/wp\/v2\/pages\/210\/revisions"}],"predecessor-version":[{"id":272,"href":"https:\/\/www.mas-consult.at\/de\/wp-json\/wp\/v2\/pages\/210\/revisions\/272"}],"wp:attachment":[{"href":"https:\/\/www.mas-consult.at\/de\/wp-json\/wp\/v2\/media?parent=210"}],"curies":[{"name":"wp","href":"https:\/\/api.w.org\/{rel}","templated":true}]}}