{"id":13,"date":"2013-11-18T19:00:21","date_gmt":"2013-11-18T17:00:21","guid":{"rendered":"http:\/\/www.mas-consult.at\/de\/?page_id=13"},"modified":"2021-03-20T18:16:21","modified_gmt":"2021-03-20T16:16:21","slug":"unternehmen","status":"publish","type":"page","link":"https:\/\/www.mas-consult.at\/de\/unternehmen\/","title":{"rendered":"F\u00fcr Unternehmen"},"content":{"rendered":"<p>Evaluierungen psychischer Belastungen<\/p>\n<p>Mit der ASchG-Novelle, die am 1.1.2013 in Kraft getreten ist, wird die Wichtigkeit der psychischen Gesundheit und der Pr\u00e4vention arbeitsbedingter psychischer Belastungen, die zu Fehlbeanspruchungen f\u00fchren st\u00e4rker betont. Unternehmen sind verpflichtet, psychische Belastungen ihrer Mitarbeiter im Betrieb zu evaluieren und entsprechende Ma\u00dfnahmen zu setzen.<\/p>\n<p><i><strong>m.a.s.consult<\/strong> <\/i>unterst\u00fctzt Sie effizient, diese Evaluierungen durchzuf\u00fchren und die f\u00fcr Ihr Unternehmen notwendigen Ma\u00dfnahmen zu erarbeiten.<\/p>\n<ul>\n<li>Evaluierung mit Hilfe des IMPULS Tests<\/li>\n<li>Befragungen der Mitarbeiter bzw. Fokusgruppen<\/li>\n<li>Durchf\u00fchrung von Workshops zu den sichtbar gewordenen Problembereichen<\/li>\n<li>Beratung in Hinblick auf die nachhaltige Umsetzung der entwickelten Ma\u00dfnahmen<\/li>\n<\/ul>\n<p>Diese Analysen sind sowohl f\u00fcr Kleinst- und Kleinunternehmen als auch f\u00fcr mittlere und gr\u00f6\u00dfere Unternehmen gleicherma\u00dfen gut geeignet.<\/p>\n","protected":false},"excerpt":{"rendered":"<p>Evaluierungen psychischer Belastungen Mit der ASchG-Novelle, die am 1.1.2013 in Kraft getreten ist, wird die Wichtigkeit der psychischen Gesundheit und der Pr\u00e4vention arbeitsbedingter psychischer Belastungen, die zu Fehlbeanspruchungen f\u00fchren st\u00e4rker betont. Unternehmen sind verpflichtet, psychische Belastungen ihrer Mitarbeiter im Betrieb &hellip; <a href=\"https:\/\/www.mas-consult.at\/de\/unternehmen\/\">Weiterlesen <span class=\"meta-nav\">&rarr;<\/span><\/a><\/p>\n","protected":false},"author":3,"featured_media":0,"parent":0,"menu_order":0,"comment_status":"closed","ping_status":"open","template":"sidebar-page.php","meta":{"footnotes":""},"class_list":["post-13","page","type-page","status-publish","hentry"],"_links":{"self":[{"href":"https:\/\/www.mas-consult.at\/de\/wp-json\/wp\/v2\/pages\/13","targetHints":{"allow":["GET"]}}],"collection":[{"href":"https:\/\/www.mas-consult.at\/de\/wp-json\/wp\/v2\/pages"}],"about":[{"href":"https:\/\/www.mas-consult.at\/de\/wp-json\/wp\/v2\/types\/page"}],"author":[{"embeddable":true,"href":"https:\/\/www.mas-consult.at\/de\/wp-json\/wp\/v2\/users\/3"}],"replies":[{"embeddable":true,"href":"https:\/\/www.mas-consult.at\/de\/wp-json\/wp\/v2\/comments?post=13"}],"version-history":[{"count":16,"href":"https:\/\/www.mas-consult.at\/de\/wp-json\/wp\/v2\/pages\/13\/revisions"}],"predecessor-version":[{"id":257,"href":"https:\/\/www.mas-consult.at\/de\/wp-json\/wp\/v2\/pages\/13\/revisions\/257"}],"wp:attachment":[{"href":"https:\/\/www.mas-consult.at\/de\/wp-json\/wp\/v2\/media?parent=13"}],"curies":[{"name":"wp","href":"https:\/\/api.w.org\/{rel}","templated":true}]}}