{"id":110,"date":"2013-11-29T12:44:56","date_gmt":"2013-11-29T10:44:56","guid":{"rendered":"http:\/\/www.mas-consult.at\/de\/?page_id=110"},"modified":"2018-08-11T16:21:22","modified_gmt":"2018-08-11T14:21:22","slug":"impressum","status":"publish","type":"page","link":"https:\/\/www.mas-consult.at\/de\/impressum\/","title":{"rendered":"Impressum"},"content":{"rendered":"<table>\n<tbody>\n<tr>\n<td>Firmenname<\/td>\n<td>m.a.s.consult<\/td>\n<\/tr>\n<tr>\n<td>Rechtsform<\/td>\n<td>Einzelunternehmen<\/td>\n<\/tr>\n<tr>\n<td>Inhaberin<\/td>\n<td>Mag. Maria Antonia Scheidl<\/td>\n<\/tr>\n<tr>\n<td>Adresse<\/td>\n<td>1130 Wien, Carolaweg 26\/2<\/td>\n<\/tr>\n<tr>\n<td>UID<\/td>\n<td>ATU58198337<\/td>\n<\/tr>\n<tr>\n<td>AGB<\/td>\n<td><a href=\"https:\/\/www.mas-consult.at\/de\/wp-content\/uploads\/2017\/08\/UB_AGB_2015.pdf\">AGB der Unternehmensberater (WKO)<\/a><\/td>\n<\/tr>\n<tr>\n<td>Telefon<\/td>\n<td>+43-669-1944 5857<\/td>\n<\/tr>\n<tr>\n<td>Website<\/td>\n<td><a href=\"http:\/\/www.mas-consult.at\">www.mas-consult.at<\/a><\/td>\n<\/tr>\n<tr>\n<td>E-mail<\/td>\n<td><a href=\"mailto:office@mas-consult.at\">office@mas-consult.at<\/a><\/td>\n<\/tr>\n<tr>\n<td>Gewerbe<\/td>\n<td>Unternehmensberatung einschlie\u00dflich der Unternehmensorganisation<\/td>\n<\/tr>\n<\/tbody>\n<\/table>\n<p><strong>Copyright<br \/>\n<\/strong>Alle Bilder unterliegen dem Schutz des Urheberrechts. Copyright und alle Rechte Mag. Felix Mayr.<\/p>\n<p><strong>Copyright, Marken- und Schutzrechte<br \/>\n<\/strong>&#8222;Alle Inhalte auf dieser Website sind urheberrechtlich gesch\u00fctzt. Texte, Bilder, Grafiken, Sound, Animationen und Videos unterliegen dem Schutz des Urheberrechts und anderer Schutzgesetze. Der Inhalt darf nicht zu kommerziellen Zwecken kopiert, verbreitet, ver\u00e4ndert oder Dritten zug\u00e4nglich gemacht werden. Jede Nutzung, insbesondere die Speicherung in Datenbanken, Vervielf\u00e4ltigung, Verbreitung, Bearbeitung und jede Form von gewerblicher Nutzung sowie die Weitergabe an Dritte &#8211; auch in Teilen oder in \u00fcberarbeiteter Form &#8211; ohne Zustimmung des Betreibers bzw. des Urhebers ist untersagt.&#8220;<strong><br \/>\n<\/strong><\/p>\n<p><strong>Nutzungsbedingungen, Gew\u00e4hrleistung, Haftung \u00fcber Inhalt und Links<\/strong><br \/>\n&#8222;Die Nutzung dieser Website erfolgt auf eigene Gefahr und auf eigenes Risiko.<br \/>\nm.a.s consult \u00fcbernimmt weder Gew\u00e4hr f\u00fcr st\u00e4ndige Verf\u00fcgbarkeit, noch f\u00fcr die ver\u00f6ffentlichten Beitr\u00e4ge, Angebote, Dienstleistungen und Services hinsichtlich Richtigkeit, Vollst\u00e4ndigkeit und Funktionalit\u00e4t. Die Gew\u00e4hrleistung richtet sich nach den gesetzlichen Bestimmungen. Jegliche Haftung f\u00fcr Sch\u00e4den, die direkt oder indirekt aus der Benutzung dieser Webseite entstehen, ist ausgeschlossen. Diese Website und die damit verbundenen Dienste werden unter dem Gesichtspunkt gr\u00f6\u00dfter Sorgfalt, Zuverl\u00e4ssigkeit und Verf\u00fcgbarkeit betrieben. Aus technischen Gr\u00fcnden ist es jedoch nicht m\u00f6glich, dass diese Dienste ohne Unterbrechung zug\u00e4nglich sind, dass die gew\u00fcnschten Verbindungen immer hergestellt werden k\u00f6nnen oder, dass gespeicherte Daten unter allen Gegebenheiten erhalten bleiben. Die st\u00e4ndige Verf\u00fcgbarkeit kann daher nicht zugesichert werden. IP-Konnektivit\u00e4t zu anderen Netzbetreibern erfolgt nach Ma\u00dfgabe der M\u00f6glichkeiten. Jegliche Haftung f\u00fcr Probleme, die ihre Ursache in den Netzen Dritter haben, ist ausgeschlossen. Die Nutzung anderer Netze unterliegt den Nutzungsbedingungen der jeweiligen Betreiber. Bei h\u00f6herer Gewalt, Streiks, Einschr\u00e4nkungen der Leistungen anderer Netzbetreiber oder bei Reparatur- und Wartungsarbeiten kann es zu Einschr\u00e4nkungen oder Unterbrechungen kommen, wobei f\u00fcr derartige Ausf\u00e4lle keine Haftung besteht.&#8220;<\/p>\n<p><strong>Links<\/strong><br \/>\n&#8222;Bei Links auf weitere Onlineangebote \u00fcbernehmen wir keine Haftung \u00fcber Inhalt, Funktionalit\u00e4t und Verf\u00fcgbarkeit der verlinkten Website(n). Dies gilt auch bei allen anderen direkten oder indirekten Verweisen oder Verlinkungen auf fremde Internetangebote. Links auf diese Website sind erw\u00fcnscht, wenn sie als externe Links in einem eigenen Browserfenster gestaltet sind. Eine \u00dcbernahme des Hauptfensters in einen Frame des Linksetzers ist unzul\u00e4ssig. Sollte eine Website, auf die wir verlinkt haben, rechtswidrige Inhalte enthalten, so bitten wir um eine kurze Mitteilung &#8211; der Link wird dann umgehend entfernt.&#8220;<\/p>\n<p>&nbsp;<\/p>\n","protected":false},"excerpt":{"rendered":"<p>Firmenname m.a.s.consult Rechtsform Einzelunternehmen Inhaberin Mag. Maria Antonia Scheidl Adresse 1130 Wien, Carolaweg 26\/2 UID ATU58198337 AGB AGB der Unternehmensberater (WKO) Telefon +43-669-1944 5857 Website www.mas-consult.at E-mail office@mas-consult.at Gewerbe Unternehmensberatung einschlie\u00dflich der Unternehmensorganisation Copyright Alle Bilder unterliegen dem Schutz des &hellip; <a href=\"https:\/\/www.mas-consult.at\/de\/impressum\/\">Weiterlesen <span class=\"meta-nav\">&rarr;<\/span><\/a><\/p>\n","protected":false},"author":3,"featured_media":0,"parent":0,"menu_order":0,"comment_status":"closed","ping_status":"open","template":"sidebar-page.php","meta":{"footnotes":""},"class_list":["post-110","page","type-page","status-publish","hentry"],"_links":{"self":[{"href":"https:\/\/www.mas-consult.at\/de\/wp-json\/wp\/v2\/pages\/110","targetHints":{"allow":["GET"]}}],"collection":[{"href":"https:\/\/www.mas-consult.at\/de\/wp-json\/wp\/v2\/pages"}],"about":[{"href":"https:\/\/www.mas-consult.at\/de\/wp-json\/wp\/v2\/types\/page"}],"author":[{"embeddable":true,"href":"https:\/\/www.mas-consult.at\/de\/wp-json\/wp\/v2\/users\/3"}],"replies":[{"embeddable":true,"href":"https:\/\/www.mas-consult.at\/de\/wp-json\/wp\/v2\/comments?post=110"}],"version-history":[{"count":13,"href":"https:\/\/www.mas-consult.at\/de\/wp-json\/wp\/v2\/pages\/110\/revisions"}],"predecessor-version":[{"id":209,"href":"https:\/\/www.mas-consult.at\/de\/wp-json\/wp\/v2\/pages\/110\/revisions\/209"}],"wp:attachment":[{"href":"https:\/\/www.mas-consult.at\/de\/wp-json\/wp\/v2\/media?parent=110"}],"curies":[{"name":"wp","href":"https:\/\/api.w.org\/{rel}","templated":true}]}}