{"id":106,"date":"2013-11-25T17:26:08","date_gmt":"2013-11-25T15:26:08","guid":{"rendered":"http:\/\/www.mas-consult.at\/de\/?page_id=106"},"modified":"2017-07-27T08:03:37","modified_gmt":"2017-07-27T06:03:37","slug":"stresstest-starten","status":"publish","type":"page","link":"https:\/\/www.mas-consult.at\/de\/stresstest-starten\/","title":{"rendered":"Stresstest"},"content":{"rendered":"<p>Nehmen Sie sich 10 Minuten Zeit, um Ihre derzeitige Stressbelastung zu \u00fcberpr\u00fcfen:<\/p>\n<p>Die folgenden Punkte k\u00f6nnen Anzeichen f\u00fcr \u00dcberforderung sein.<\/p>\n<p>Welche davon haben Sie in den letzten Wochen an sich feststellen k\u00f6nnen?<\/p>\n<p><a title=\"Stresstest\" href=\"https:\/\/www.mas-consult.at\/de\/?page_id=21\">Stresstest starten<\/a><\/p>\n","protected":false},"excerpt":{"rendered":"<p>Nehmen Sie sich 10 Minuten Zeit, um Ihre derzeitige Stressbelastung zu \u00fcberpr\u00fcfen: Die folgenden Punkte k\u00f6nnen Anzeichen f\u00fcr \u00dcberforderung sein. Welche davon haben Sie in den letzten Wochen an sich feststellen k\u00f6nnen? Stresstest starten<\/p>\n","protected":false},"author":3,"featured_media":0,"parent":0,"menu_order":0,"comment_status":"closed","ping_status":"open","template":"sidebar-page.php","meta":{"footnotes":""},"class_list":["post-106","page","type-page","status-publish","hentry"],"_links":{"self":[{"href":"https:\/\/www.mas-consult.at\/de\/wp-json\/wp\/v2\/pages\/106","targetHints":{"allow":["GET"]}}],"collection":[{"href":"https:\/\/www.mas-consult.at\/de\/wp-json\/wp\/v2\/pages"}],"about":[{"href":"https:\/\/www.mas-consult.at\/de\/wp-json\/wp\/v2\/types\/page"}],"author":[{"embeddable":true,"href":"https:\/\/www.mas-consult.at\/de\/wp-json\/wp\/v2\/users\/3"}],"replies":[{"embeddable":true,"href":"https:\/\/www.mas-consult.at\/de\/wp-json\/wp\/v2\/comments?post=106"}],"version-history":[{"count":2,"href":"https:\/\/www.mas-consult.at\/de\/wp-json\/wp\/v2\/pages\/106\/revisions"}],"predecessor-version":[{"id":109,"href":"https:\/\/www.mas-consult.at\/de\/wp-json\/wp\/v2\/pages\/106\/revisions\/109"}],"wp:attachment":[{"href":"https:\/\/www.mas-consult.at\/de\/wp-json\/wp\/v2\/media?parent=106"}],"curies":[{"name":"wp","href":"https:\/\/api.w.org\/{rel}","templated":true}]}}